{"id":125,"date":"2025-11-05T03:58:07","date_gmt":"2025-11-05T03:58:07","guid":{"rendered":"https:\/\/orangered-mosquito-396913.hostingersite.com\/?page_id=125"},"modified":"2025-11-25T01:12:06","modified_gmt":"2025-11-25T01:12:06","slug":"about","status":"publish","type":"page","link":"https:\/\/elfarodelainfancia.org\/es\/about\/","title":{"rendered":"Sobre"},"content":{"rendered":"<div class=\"wp-block-group alignfull is-style-section-2 has-global-padding is-layout-constrained wp-block-group-is-layout-constrained is-style-section-2--1\" id=\"mission\" style=\"margin-top:var(--wp--preset--spacing--30);margin-bottom:var(--wp--preset--spacing--30);padding-top:var(--wp--preset--spacing--60);padding-bottom:var(--wp--preset--spacing--60)\">\n<div class=\"wp-block-columns alignwide is-layout-flex wp-container-core-columns-is-layout-643ced6b wp-block-columns-is-layout-flex\">\n<div class=\"wp-block-column is-layout-flow wp-block-column-is-layout-flow\" style=\"flex-basis:40%\">\n<figure class=\"wp-block-image size-full\"><img loading=\"lazy\" decoding=\"async\" width=\"854\" height=\"844\" src=\"https:\/\/elfarodelainfancia.org\/wp-content\/uploads\/2025\/11\/pathway-8043488_1280.jpg\" alt=\"\" class=\"wp-image-464\" srcset=\"https:\/\/elfarodelainfancia.org\/wp-content\/uploads\/2025\/11\/pathway-8043488_1280.jpg 854w, https:\/\/elfarodelainfancia.org\/wp-content\/uploads\/2025\/11\/pathway-8043488_1280-300x296.jpg 300w, https:\/\/elfarodelainfancia.org\/wp-content\/uploads\/2025\/11\/pathway-8043488_1280-768x759.jpg 768w, https:\/\/elfarodelainfancia.org\/wp-content\/uploads\/2025\/11\/pathway-8043488_1280-12x12.jpg 12w\" sizes=\"auto, (max-width: 854px) 100vw, 854px\" \/><\/figure>\n<\/div>\n\n\n\n<div class=\"wp-block-column is-vertically-aligned-center is-layout-flow wp-container-core-column-is-layout-119bc444 wp-block-column-is-layout-flow\" style=\"flex-basis:60%\">\n<h2 class=\"wp-block-heading has-accent-1-color has-text-color has-link-color has-xx-large-font-size wp-elements-56c8b5a0eafb3522789b62c2e3a7a10c\">Nuestra Misi\u00f3n<\/h2>\n\n\n\n<p class=\"has-accent-1-color has-text-color has-link-color wp-elements-880918d5eb31eb31e858b588a74f1e5e\">El Faro de Infancia es una revista que aborda el abuso sexual infantil en Yucat\u00e1n a trav\u00e9s de testimonios de sobrevivientes, an\u00e1lisis de expertos y perspectivas comunitarias. La publicaci\u00f3n busca romper el silencio en torno a este problema, ofreciendo una plataforma para la educaci\u00f3n y la sanaci\u00f3n. El Faro de Infancia re\u00fane voces que con demasiada frecuencia no son escuchadas, creando recursos para familias, educadores y defensores que trabajan para proteger a la infancia en toda la regi\u00f3n.<\/p>\n<\/div>\n<\/div>\n<\/div>\n\n\n\n<div class=\"wp-block-group alignwide has-global-padding is-content-justification-left is-layout-constrained wp-container-core-group-is-layout-349ac22d wp-block-group-is-layout-constrained\" id=\"team\" style=\"margin-top:0;margin-bottom:0;padding-top:var(--wp--preset--spacing--60);padding-bottom:var(--wp--preset--spacing--60)\">\n<h1 class=\"wp-block-heading alignfull has-text-align-left\">Consejo Directivo<\/h1>\n\n\n\n<div style=\"height:10px\" aria-hidden=\"true\" class=\"wp-block-spacer\"><\/div>\n\n\n\n<figure class=\"wp-block-table alignfull is-style-regular\" style=\"margin-top:0;margin-bottom:0;padding-top:0;padding-right:0;padding-bottom:0;padding-left:0\"><table class=\"has-fixed-layout\" style=\"border-style:none;border-width:0px\"><tbody><tr><td><strong>Magali Lara Lugo<br><\/strong><\/td><td>M\u00e1ster En Educaci\u00f3n<br>Lic. en Psicolog\u00eda<\/td><td>Psic\u00f3loga Infantil<br><\/td><\/tr><tr><td><strong>Allan Day Jaimes<br><\/strong><\/td><td>MBA Finanzas y Marketing<br>BS Electrical Engineering<\/td><td>Empresario<br><\/td><\/tr><tr><td><strong>R. Faride Pe\u00f1a Castillo<br><br><\/strong><\/td><td>Profesor, UADY<br>M\u00e1ster Ciencias Penales<br>Lic. en Psicolog\u00eda<\/td><td>Acad\u00e9mica<br><br><\/td><\/tr><tr><td><strong>Javsy L\u00f3pez C\u00e1mara<br><\/strong><\/td><td>M\u00e1ster Comunicaci\u00f3n Empresa<br>Lic. en Marketing<\/td><td>Dise\u00f1o Digital<br><\/td><\/tr><\/tbody><\/table><\/figure>\n\n\n\n<h1 class=\"wp-block-heading alignfull has-text-align-left\">Asesores<\/h1>\n\n\n\n<div style=\"height:10px\" aria-hidden=\"true\" class=\"wp-block-spacer\"><\/div>\n\n\n\n<figure class=\"wp-block-table alignfull is-style-regular\" style=\"margin-top:0;margin-bottom:0;padding-top:0;padding-right:0;padding-bottom:0;padding-left:0\"><table class=\"has-fixed-layout\" style=\"border-style:none;border-width:0px\"><tbody><tr><td><strong>John Saxton<br><\/strong><\/td><td>Psychiatry Res. UT Austin<br>Doctor en Medicina<\/td><td>Dise\u00f1o Digital<br><\/td><\/tr><tr><td><strong>Gloria Gonz\u00e1lez L\u00f3pez<br><br><\/strong><\/td><td>Professor, Sociology<br>Sr Chair US Mex UT Austin<br>PhD. Sociology<\/td><td>Acad\u00e9mica<br><br><\/td><\/tr><tr><td><strong>Cinthya Torruco Dagdug<br><\/strong><\/td><td>Masters Civil Law<br>B.A. Law<\/td><td>Legal \/ Notar\u00eda<br><\/td><\/tr><tr><td><strong>Cicely Vallejos Ruiz<\/strong><\/td><td>M\u00e1ster en Derecho Civil Lic. en Derecho<\/td><td>Danza Terap\u00e9utica<\/td><\/tr><tr><td><strong>Xixili Fernandez Casado<\/strong><\/td><td>M\u00e1ster Relaciones Int'ls y Com.<br>Lic. en Relaciones P\u00fablicas<\/td><td>Gesti\u00f3n ONG<br><\/td><\/tr><tr><td><strong>Yoana Salazar Uc<br><\/strong><\/td><td>M\u00e1ster Relaciones Int'ls y Com.<br>Lic. en Psicolog\u00eda<\/td><td>Perito, Psic. Infantil<br><\/td><\/tr><tr><td><strong>Freda Espinosa de Selva<br><\/strong><\/td><td>M\u00e1ster en Sistemas Penales<br>Lic. en Derecho<\/td><td>Ex-funcionaria, M\u00e9xico<br>&nbsp;<\/td><\/tr><tr><td><strong>Ma. Z\u00e1cil G\u00f3mez Buenfil<br><br><\/strong><\/td><td>Posgrado Derechos Humanos<br>M\u00e1ster Juicios Orales Penal<br>Lic. en Derecho<\/td><td>Ex-funcionaria, M\u00e9xico<br><br><\/td><\/tr><tr><td><strong>Ma Fernanda Flota D.<\/strong><\/td><td>Lic. en Derecho (en curso)<\/td><td>Jur\u00eddico<\/td><\/tr><tr><td><strong>Gaby P\u00e9rez Polanco<\/strong><\/td><td>Lic. en Psicolog\u00eda<\/td><td>Psic\u00f3loga Infantil<\/td><\/tr><\/tbody><\/table><\/figure>\n\n\n\n<h1 class=\"wp-block-heading alignfull has-text-align-left\">Contribuyentes<\/h1>\n\n\n\n<div style=\"height:10px\" aria-hidden=\"true\" class=\"wp-block-spacer\"><\/div>\n\n\n\n<figure class=\"wp-block-table alignfull is-style-regular\" style=\"margin-top:0;margin-bottom:0;padding-top:0;padding-right:0;padding-bottom:0;padding-left:0\"><table class=\"has-fixed-layout\" style=\"border-style:none;border-width:0px\"><tbody><tr><td><strong>Ericka Contreras P\u00e9rez<br><\/strong><\/td><td>M\u00e1ster Ciencia Educaci\u00f3n<br>Lic. en Ciencia de Familia<\/td><td>Periodista<br><\/td><\/tr><tr><td><strong>Jennifer Joy Freyd<br><\/strong><\/td><td>President, Ctr. Inst. Courage<br>PhD., Psychology<\/td><td>Acad\u00e9mica<br><\/td><\/tr><tr><td><strong>Susan Harsey<br><\/strong><\/td><td>Fellow, Ctr. Inst. Courage<br>PhD., Social Psychology<\/td><td>Acad\u00e9mica<br><\/td><\/tr><tr><td><strong>Chamblee Simonsen<br><\/strong><\/td><td>B.A. in Education<br>Former EMT<\/td><td>Periodista y sobreviente<br><\/td><\/tr><tr><td><strong>Anonymous<br><\/strong><\/td><td>Sobreviviente de ASI<br><\/td><td>Madre de v\u00edctima<br><\/td><\/tr><\/tbody><\/table><\/figure>\n<\/div>\n\n\n\n<div class=\"wp-block-group alignfull is-style-section-1 has-global-padding is-layout-constrained wp-container-core-group-is-layout-1bc05f53 wp-block-group-is-layout-constrained is-style-section-1--2\" id=\"sponsors\" style=\"margin-top:0;margin-bottom:0;padding-top:var(--wp--preset--spacing--80);padding-bottom:var(--wp--preset--spacing--80)\">\n<h2 class=\"wp-block-heading has-text-align-center\">El Faro de Infancia est\u00e1 patrocinado por<\/h2>\n\n\n\n<div class=\"wp-block-group alignwide is-content-justification-center is-layout-flex wp-container-core-group-is-layout-2c471116 wp-block-group-is-layout-flex\">\n<figure class=\"wp-block-image size-full is-resized\"><a href=\"https:\/\/stopasinow.org\/\"><img loading=\"lazy\" decoding=\"async\" width=\"600\" height=\"182\" src=\"https:\/\/elfarodelainfancia.org\/wp-content\/uploads\/2025\/11\/01767600-a6d5-494a-8a40-165f3a25a3a4_removalai_preview.png\" alt=\"\" class=\"wp-image-438\" style=\"aspect-ratio:1.3333333333333333;object-fit:contain;width:224px;height:auto\" srcset=\"https:\/\/elfarodelainfancia.org\/wp-content\/uploads\/2025\/11\/01767600-a6d5-494a-8a40-165f3a25a3a4_removalai_preview.png 600w, https:\/\/elfarodelainfancia.org\/wp-content\/uploads\/2025\/11\/01767600-a6d5-494a-8a40-165f3a25a3a4_removalai_preview-300x91.png 300w, https:\/\/elfarodelainfancia.org\/wp-content\/uploads\/2025\/11\/01767600-a6d5-494a-8a40-165f3a25a3a4_removalai_preview-18x5.png 18w\" sizes=\"auto, (max-width: 600px) 100vw, 600px\" \/><\/a><\/figure>\n\n\n\n<div style=\"height:var(--wp--preset--spacing--30);width:0px\" aria-hidden=\"true\" class=\"wp-block-spacer wp-container-content-62aae154\"><\/div>\n\n\n\n<figure class=\"wp-block-image size-full is-resized\"><img loading=\"lazy\" decoding=\"async\" width=\"796\" height=\"313\" src=\"https:\/\/elfarodelainfancia.org\/wp-content\/uploads\/2025\/11\/Untitled-design-2.png\" alt=\"\" class=\"wp-image-338\" style=\"aspect-ratio:1.3333333333333333;object-fit:contain;width:241px;height:auto\" srcset=\"https:\/\/elfarodelainfancia.org\/wp-content\/uploads\/2025\/11\/Untitled-design-2.png 796w, https:\/\/elfarodelainfancia.org\/wp-content\/uploads\/2025\/11\/Untitled-design-2-300x118.png 300w, https:\/\/elfarodelainfancia.org\/wp-content\/uploads\/2025\/11\/Untitled-design-2-768x302.png 768w, https:\/\/elfarodelainfancia.org\/wp-content\/uploads\/2025\/11\/Untitled-design-2-18x7.png 18w\" sizes=\"auto, (max-width: 796px) 100vw, 796px\" \/><\/figure>\n<\/div>\n<\/div>\n\n\n\n<div class=\"wp-block-group alignfull has-global-padding is-layout-constrained wp-container-core-group-is-layout-0d85de7f wp-block-group-is-layout-constrained\" style=\"margin-top:0;margin-bottom:0;padding-top:var(--wp--preset--spacing--60);padding-bottom:var(--wp--preset--spacing--60)\">\n<div class=\"wp-block-group alignwide is-content-justification-space-between is-layout-flex wp-container-core-group-is-layout-9366075c wp-block-group-is-layout-flex\">\n<h2 class=\"wp-block-heading alignwide has-text-align-left is-style-text-subtitle has-x-large-font-size is-style-text-subtitle--3\">Explora nuestro trabajo<\/h2>\n\n\n\n<p class=\"is-style-text-annotation is-style-text-annotation--4\">Art\u00edculos<\/p>\n<\/div>\n\n\n\n<div class=\"wp-block-query alignwide is-layout-flow wp-block-query-is-layout-flow\"><ul class=\"columns-3 wp-block-post-template is-layout-grid wp-container-core-post-template-is-layout-fa38c3f2 wp-block-post-template-is-layout-grid\"><li class=\"wp-block-post post-343 post type-post status-publish format-standard has-post-thumbnail hentry category-stories\">\n\n<div class=\"wp-block-group is-layout-flow wp-container-core-group-is-layout-81d5c4b5 wp-block-group-is-layout-flow\"><figure style=\"aspect-ratio:3\/2;\" class=\"wp-block-post-featured-image\"><a href=\"https:\/\/elfarodelainfancia.org\/es\/listening-to-protect-how-a-childs-testimony-broke-the-silence\/\" target=\"_self\"  ><img loading=\"lazy\" decoding=\"async\" width=\"317\" height=\"211\" src=\"https:\/\/elfarodelainfancia.org\/wp-content\/uploads\/2025\/12\/SAD-GIRL-1.jpg\" class=\"attachment-post-thumbnail size-post-thumbnail wp-post-image\" alt=\"Listening to Protect: How a Child\u2019s Testimony Broke the Silence\" style=\"width:100%;height:100%;object-fit:cover;\" srcset=\"https:\/\/elfarodelainfancia.org\/wp-content\/uploads\/2025\/12\/SAD-GIRL-1.jpg 317w, https:\/\/elfarodelainfancia.org\/wp-content\/uploads\/2025\/12\/SAD-GIRL-1-300x200.jpg 300w, https:\/\/elfarodelainfancia.org\/wp-content\/uploads\/2025\/12\/SAD-GIRL-1-18x12.jpg 18w\" sizes=\"auto, (max-width: 317px) 100vw, 317px\" \/><\/a><\/figure>\n\n<h2 class=\"wp-block-post-title\"><a href=\"https:\/\/elfarodelainfancia.org\/es\/listening-to-protect-how-a-childs-testimony-broke-the-silence\/\" target=\"_self\" >Escuchar para proteger: c\u00f3mo un testimonio infantil rompi\u00f3 el silencio<\/a><\/h2>\n\n<div style=\"font-style:normal;font-weight:300\" class=\"taxonomy-category has-link-color wp-elements-7e25d0198db94e2785ffafdb5bb852e8 wp-block-post-terms\"><a href=\"https:\/\/elfarodelainfancia.org\/es\/category\/stories\/\" rel=\"tag\">Historias Reales<\/a><\/div><\/div>\n\n<\/li><li class=\"wp-block-post post-355 post type-post status-publish format-standard has-post-thumbnail hentry category-perspectives\">\n\n<div class=\"wp-block-group is-layout-flow wp-container-core-group-is-layout-81d5c4b5 wp-block-group-is-layout-flow\"><figure style=\"aspect-ratio:3\/2;\" class=\"wp-block-post-featured-image\"><a href=\"https:\/\/elfarodelainfancia.org\/es\/the-prevention-of-csa-no-more-victims-symbolic-reparation-and-historical-debt\/\" target=\"_self\"  ><img loading=\"lazy\" decoding=\"async\" width=\"2560\" height=\"1704\" src=\"https:\/\/elfarodelainfancia.org\/wp-content\/uploads\/2025\/11\/ivy-dao-KYeaxGmsC6g-unsplash-scaled.jpg\" class=\"attachment-post-thumbnail size-post-thumbnail wp-post-image\" alt=\"The Prevention of CSA No More Victims: Symbolic Reparation and Historical Debt\" style=\"width:100%;height:100%;object-fit:cover;\" srcset=\"https:\/\/elfarodelainfancia.org\/wp-content\/uploads\/2025\/11\/ivy-dao-KYeaxGmsC6g-unsplash-scaled.jpg 2560w, https:\/\/elfarodelainfancia.org\/wp-content\/uploads\/2025\/11\/ivy-dao-KYeaxGmsC6g-unsplash-300x200.jpg 300w, https:\/\/elfarodelainfancia.org\/wp-content\/uploads\/2025\/11\/ivy-dao-KYeaxGmsC6g-unsplash-1024x682.jpg 1024w, https:\/\/elfarodelainfancia.org\/wp-content\/uploads\/2025\/11\/ivy-dao-KYeaxGmsC6g-unsplash-768x511.jpg 768w, https:\/\/elfarodelainfancia.org\/wp-content\/uploads\/2025\/11\/ivy-dao-KYeaxGmsC6g-unsplash-1536x1022.jpg 1536w, https:\/\/elfarodelainfancia.org\/wp-content\/uploads\/2025\/11\/ivy-dao-KYeaxGmsC6g-unsplash-2048x1363.jpg 2048w, https:\/\/elfarodelainfancia.org\/wp-content\/uploads\/2025\/11\/ivy-dao-KYeaxGmsC6g-unsplash-18x12.jpg 18w\" sizes=\"auto, (max-width: 2560px) 100vw, 2560px\" \/><\/a><\/figure>\n\n<h2 class=\"wp-block-post-title\"><a href=\"https:\/\/elfarodelainfancia.org\/es\/the-prevention-of-csa-no-more-victims-symbolic-reparation-and-historical-debt\/\" target=\"_self\" >La Prevenci\u00f3n del ASI  \u00a1No m\u00e1s V\u00edctimas!\nReparaci\u00f3n Simb\u00f3lica y Deuda Hist\u00f3rica<\/a><\/h2>\n\n<div style=\"font-style:normal;font-weight:300\" class=\"taxonomy-category has-link-color wp-elements-7e25d0198db94e2785ffafdb5bb852e8 wp-block-post-terms\"><a href=\"https:\/\/elfarodelainfancia.org\/es\/category\/perspectives\/\" rel=\"tag\">Perspectivas<\/a><\/div><\/div>\n\n<\/li><li class=\"wp-block-post post-352 post type-post status-publish format-standard has-post-thumbnail hentry category-perspectives\">\n\n<div class=\"wp-block-group is-layout-flow wp-container-core-group-is-layout-81d5c4b5 wp-block-group-is-layout-flow\"><figure style=\"aspect-ratio:3\/2;\" class=\"wp-block-post-featured-image\"><a href=\"https:\/\/elfarodelainfancia.org\/es\/darvo-attacks-victims-helps-abusers-avoid-accountability\/\" target=\"_self\"  ><img loading=\"lazy\" decoding=\"async\" width=\"2560\" height=\"1417\" src=\"https:\/\/elfarodelainfancia.org\/wp-content\/uploads\/2025\/12\/DARVO-IN-ACTION_001-scaled.jpg\" class=\"attachment-post-thumbnail size-post-thumbnail wp-post-image\" alt=\"A Real-Life DARVO Attack on a Victim to Avoid Accountability\" style=\"width:100%;height:100%;object-fit:cover;\" srcset=\"https:\/\/elfarodelainfancia.org\/wp-content\/uploads\/2025\/12\/DARVO-IN-ACTION_001-scaled.jpg 2560w, https:\/\/elfarodelainfancia.org\/wp-content\/uploads\/2025\/12\/DARVO-IN-ACTION_001-300x166.jpg 300w, https:\/\/elfarodelainfancia.org\/wp-content\/uploads\/2025\/12\/DARVO-IN-ACTION_001-1024x567.jpg 1024w, https:\/\/elfarodelainfancia.org\/wp-content\/uploads\/2025\/12\/DARVO-IN-ACTION_001-768x425.jpg 768w, https:\/\/elfarodelainfancia.org\/wp-content\/uploads\/2025\/12\/DARVO-IN-ACTION_001-1536x850.jpg 1536w, https:\/\/elfarodelainfancia.org\/wp-content\/uploads\/2025\/12\/DARVO-IN-ACTION_001-2048x1134.jpg 2048w, https:\/\/elfarodelainfancia.org\/wp-content\/uploads\/2025\/12\/DARVO-IN-ACTION_001-18x10.jpg 18w\" sizes=\"auto, (max-width: 2560px) 100vw, 2560px\" \/><\/a><\/figure>\n\n<h2 class=\"wp-block-post-title\"><a href=\"https:\/\/elfarodelainfancia.org\/es\/darvo-attacks-victims-helps-abusers-avoid-accountability\/\" target=\"_self\" >Us\u00f3 DARVO para atacar a la v\u00edctima y evadir su responsabilidad<\/a><\/h2>\n\n<div style=\"font-style:normal;font-weight:300\" class=\"taxonomy-category has-link-color wp-elements-7e25d0198db94e2785ffafdb5bb852e8 wp-block-post-terms\"><a href=\"https:\/\/elfarodelainfancia.org\/es\/category\/perspectives\/\" rel=\"tag\">Perspectivas<\/a><\/div><\/div>\n\n<\/li><\/ul><\/div>\n<\/div>\n\n\n\n<aside class=\"wp-block-group alignfull is-style-default has-background has-global-padding is-layout-constrained wp-container-core-group-is-layout-f0f2a97b wp-block-group-is-layout-constrained\" style=\"background-color:#e4a842;margin-top:0;margin-bottom:0;padding-top:var(--wp--preset--spacing--50);padding-right:var(--wp--preset--spacing--50);padding-bottom:var(--wp--preset--spacing--50);padding-left:var(--wp--preset--spacing--50)\">\n<div class=\"wp-block-group is-vertical is-content-justification-center is-layout-flex wp-container-core-group-is-layout-8778ca4a wp-block-group-is-layout-flex\" style=\"min-height:360px;margin-top:0;margin-bottom:0\">\n<h2 class=\"wp-block-heading has-text-align-center has-accent-1-color has-text-color has-link-color has-xx-large-font-size wp-elements-f164a3ecf2ba43a6f9902127a9520fea\">Reciba nuestros art\u00edculos en su bandeja de entrada<\/h2>\n\n\n\n<p class=\"has-text-align-center is-style-text-subtitle has-accent-1-color has-text-color has-link-color wp-elements-4047ac519198de886c8fe17045988beb is-style-text-subtitle--5\">Participa en la conversaci\u00f3n que protege a los ni\u00f1os<\/p>\n\n\n\n<div style=\"height:0px\" aria-hidden=\"true\" class=\"wp-block-spacer wp-container-content-62aae154\"><\/div>\n\n\n\n<div class=\"wp-block-buttons is-content-justification-center is-layout-flex wp-container-core-buttons-is-layout-a89b3969 wp-block-buttons-is-layout-flex\">\n<div class=\"wp-block-button has-custom-width wp-block-button__width-75 is-style-outline is-style-outline--6\"><a class=\"wp-block-button__link wp-element-button\" href=\"javascript:void(0)\" onclick=\"ml('show', 'uxX5xB', true)\">Suscr\u00edbete en Espa\u00f1ol<\/a><\/div>\n\n\n\n<div class=\"wp-block-button has-custom-width wp-block-button__width-75 is-style-outline is-style-outline--7\"><a class=\"wp-block-button__link wp-element-button\" href=\"javascript:void(0)\" onclick=\"ml('show', 'AFyUnv', true)\">Subscribe in English<\/a><\/div>\n<\/div>\n<\/div>\n<\/aside>\n\n\n\n<p><\/p>","protected":false},"excerpt":{"rendered":"<p>Our Mission El Faro de Infancia is a magazine addressing child sexual abuse in Yucat\u00e1n through survivor testimonies, expert analysis, and community perspectives. The publication works to break the silence around this issue by providing a platform for education and healing. El Faro de Infancia brings together voices that are too often unheard, creating resources [&hellip;]<\/p>","protected":false},"author":1,"featured_media":0,"parent":0,"menu_order":0,"comment_status":"closed","ping_status":"closed","template":"page-no-title","meta":{"footnotes":""},"class_list":["post-125","page","type-page","status-publish","hentry"],"_hostinger_reach_plugin_has_subscription_block":false,"_hostinger_reach_plugin_is_elementor":false,"_links":{"self":[{"href":"https:\/\/elfarodelainfancia.org\/es\/wp-json\/wp\/v2\/pages\/125","targetHints":{"allow":["GET"]}}],"collection":[{"href":"https:\/\/elfarodelainfancia.org\/es\/wp-json\/wp\/v2\/pages"}],"about":[{"href":"https:\/\/elfarodelainfancia.org\/es\/wp-json\/wp\/v2\/types\/page"}],"author":[{"embeddable":true,"href":"https:\/\/elfarodelainfancia.org\/es\/wp-json\/wp\/v2\/users\/1"}],"replies":[{"embeddable":true,"href":"https:\/\/elfarodelainfancia.org\/es\/wp-json\/wp\/v2\/comments?post=125"}],"version-history":[{"count":56,"href":"https:\/\/elfarodelainfancia.org\/es\/wp-json\/wp\/v2\/pages\/125\/revisions"}],"predecessor-version":[{"id":509,"href":"https:\/\/elfarodelainfancia.org\/es\/wp-json\/wp\/v2\/pages\/125\/revisions\/509"}],"wp:attachment":[{"href":"https:\/\/elfarodelainfancia.org\/es\/wp-json\/wp\/v2\/media?parent=125"}],"curies":[{"name":"wp","href":"https:\/\/api.w.org\/{rel}","templated":true}]}}